{"id":910,"date":"2025-03-09T04:45:47","date_gmt":"2025-03-09T04:45:47","guid":{"rendered":"https:\/\/povedacampinas.org.br\/?page_id=910"},"modified":"2025-03-29T17:24:24","modified_gmt":"2025-03-29T17:24:24","slug":"meditacao-zazen","status":"publish","type":"page","link":"https:\/\/povedacampinas.org.br\/?page_id=910","title":{"rendered":"Medita\u00e7\u00e3o Zazen Crist\u00e3"},"content":{"rendered":"\n<p><\/p>\n\n\n\n<blockquote class=\"wp-block-quote is-layout-flow wp-block-quote-is-layout-flow\">\n<figure class=\"wp-block-image size-full\"><img fetchpriority=\"high\" decoding=\"async\" width=\"346\" height=\"398\" src=\"https:\/\/povedacampinas.org.br\/wp-content\/uploads\/2025\/03\/Imagem1.png\" alt=\"\" class=\"wp-image-919\" srcset=\"https:\/\/povedacampinas.org.br\/wp-content\/uploads\/2025\/03\/Imagem1.png 346w, https:\/\/povedacampinas.org.br\/wp-content\/uploads\/2025\/03\/Imagem1-261x300.png 261w, https:\/\/povedacampinas.org.br\/wp-content\/uploads\/2025\/03\/Imagem1-304x350.png 304w, https:\/\/povedacampinas.org.br\/wp-content\/uploads\/2025\/03\/Imagem1-130x150.png 130w\" sizes=\"(max-width: 346px) 100vw, 346px\" \/><\/figure>\n\n\n\n<p><strong>S\u00e1bado<\/strong> <strong>12 de abril de 2025<\/strong> <strong>das 9h \u00e0s 11h30.<\/strong> <strong>*Traga o que quiser para partilhar no lanche*<\/strong><\/p>\n\n\n\n<p>Pr\u00f3ximos encontros \/ 2025 <strong>(aos s\u00e1bados)<\/strong><\/p>\n\n\n\n<p><strong>10 maio<\/strong><\/p>\n\n\n\n<p><strong>14 junho<\/strong><\/p>\n\n\n\n<p><strong>12 julho <\/strong><\/p>\n\n\n\n<p><strong>16 agosto<\/strong><\/p>\n\n\n\n<p><strong>13 setembro <\/strong><\/p>\n\n\n\n<p><strong>11 outubro <\/strong><\/p>\n\n\n\n<p><strong>8 Novembro<\/strong><\/p>\n\n\n\n<p>Rua Dr. Quirino, 1733 &#8211; Centro, Campinas \/SP<\/p>\n\n\n\n<p>WhatsApp: (19) 9 9688-1471<\/p>\n\n\n\n<p><\/p>\n<\/blockquote>\n\n\n\n<p>Os encontros de medita\u00e7\u00e3o oferecem um caminho para cultivar a vida interior, acalmar as ang\u00fastias e medos, recuperando a confian\u00e7a.<\/p>\n\n\n\n<blockquote class=\"wp-block-quote is-layout-flow wp-block-quote-is-layout-flow\">\n<p>Esperamos voc\u00ea!<\/p>\n<\/blockquote>\n","protected":false},"excerpt":{"rendered":"<p>Os encontros de medita&ccedil;&atilde;o oferecem um caminho para cultivar a vida interior, acalmar as ang&uacute;stias e medos, recuperando a confian&ccedil;a. Esperamos voc&ecirc;! <a class=\"continue-reading-link\" href=\"https:\/\/povedacampinas.org.br\/?page_id=910\"><\/a><\/p>\n","protected":false},"author":1,"featured_media":0,"parent":0,"menu_order":0,"comment_status":"closed","ping_status":"closed","template":"","meta":{"footnotes":""},"yoast_head":"<!-- This site is optimized with the Yoast SEO plugin v22.9 - https:\/\/yoast.com\/wordpress\/plugins\/seo\/ -->\n<title>Medita\u00e7\u00e3o Zazen Crist\u00e3 - CENTRO CULTURAL POVEDA<\/title>\n<meta name=\"description\" content=\"Meditac\u00e3o Zazen Crist\u00e3\" \/>\n<meta name=\"robots\" content=\"index, follow, max-snippet:-1, max-image-preview:large, max-video-preview:-1\" \/>\n<link rel=\"canonical\" href=\"https:\/\/povedacampinas.org.br\/?page_id=910\" \/>\n<meta property=\"og:locale\" content=\"pt_BR\" \/>\n<meta property=\"og:type\" content=\"article\" \/>\n<meta property=\"og:title\" content=\"Medita\u00e7\u00e3o Zazen Crist\u00e3 - CENTRO CULTURAL POVEDA\" \/>\n<meta property=\"og:description\" content=\"Meditac\u00e3o Zazen Crist\u00e3\" \/>\n<meta property=\"og:url\" content=\"https:\/\/povedacampinas.org.br\/?page_id=910\" \/>\n<meta property=\"og:site_name\" content=\"CENTRO CULTURAL POVEDA\" \/>\n<meta property=\"article:modified_time\" content=\"2025-03-29T17:24:24+00:00\" \/>\n<meta property=\"og:image\" content=\"https:\/\/povedacampinas.org.br\/wp-content\/uploads\/2025\/03\/Imagem1.png\" \/>\n<meta name=\"twitter:card\" content=\"summary_large_image\" \/>\n<meta name=\"twitter:label1\" content=\"Est. tempo de leitura\" \/>\n\t<meta name=\"twitter:data1\" content=\"1 minuto\" \/>\n<script type=\"application\/ld+json\" class=\"yoast-schema-graph\">{\"@context\":\"https:\/\/schema.org\",\"@graph\":[{\"@type\":\"WebPage\",\"@id\":\"https:\/\/povedacampinas.org.br\/?page_id=910\",\"url\":\"https:\/\/povedacampinas.org.br\/?page_id=910\",\"name\":\"Medita\u00e7\u00e3o Zazen Crist\u00e3 - CENTRO CULTURAL POVEDA\",\"isPartOf\":{\"@id\":\"https:\/\/povedacampinas.org.br\/#website\"},\"primaryImageOfPage\":{\"@id\":\"https:\/\/povedacampinas.org.br\/?page_id=910#primaryimage\"},\"image\":{\"@id\":\"https:\/\/povedacampinas.org.br\/?page_id=910#primaryimage\"},\"thumbnailUrl\":\"https:\/\/povedacampinas.org.br\/wp-content\/uploads\/2025\/03\/Imagem1.png\",\"datePublished\":\"2025-03-09T04:45:47+00:00\",\"dateModified\":\"2025-03-29T17:24:24+00:00\",\"description\":\"Meditac\u00e3o Zazen Crist\u00e3\",\"breadcrumb\":{\"@id\":\"https:\/\/povedacampinas.org.br\/?page_id=910#breadcrumb\"},\"inLanguage\":\"pt-BR\",\"potentialAction\":[{\"@type\":\"ReadAction\",\"target\":[\"https:\/\/povedacampinas.org.br\/?page_id=910\"]}]},{\"@type\":\"ImageObject\",\"inLanguage\":\"pt-BR\",\"@id\":\"https:\/\/povedacampinas.org.br\/?page_id=910#primaryimage\",\"url\":\"https:\/\/povedacampinas.org.br\/wp-content\/uploads\/2025\/03\/Imagem1.png\",\"contentUrl\":\"https:\/\/povedacampinas.org.br\/wp-content\/uploads\/2025\/03\/Imagem1.png\",\"width\":346,\"height\":398},{\"@type\":\"BreadcrumbList\",\"@id\":\"https:\/\/povedacampinas.org.br\/?page_id=910#breadcrumb\",\"itemListElement\":[{\"@type\":\"ListItem\",\"position\":1,\"name\":\"In\u00edcio\",\"item\":\"https:\/\/povedacampinas.org.br\/\"},{\"@type\":\"ListItem\",\"position\":2,\"name\":\"Medita\u00e7\u00e3o Zazen Crist\u00e3\"}]},{\"@type\":\"WebSite\",\"@id\":\"https:\/\/povedacampinas.org.br\/#website\",\"url\":\"https:\/\/povedacampinas.org.br\/\",\"name\":\"CENTRO CULTURAL POVEDA\",\"description\":\"F\u00e9 - Culturas - Justi\u00e7a\",\"publisher\":{\"@id\":\"https:\/\/povedacampinas.org.br\/#organization\"},\"potentialAction\":[{\"@type\":\"SearchAction\",\"target\":{\"@type\":\"EntryPoint\",\"urlTemplate\":\"https:\/\/povedacampinas.org.br\/?s={search_term_string}\"},\"query-input\":\"required name=search_term_string\"}],\"inLanguage\":\"pt-BR\"},{\"@type\":\"Organization\",\"@id\":\"https:\/\/povedacampinas.org.br\/#organization\",\"name\":\"Pens\u00e3o Pensionato Feminino\",\"url\":\"https:\/\/povedacampinas.org.br\/\",\"logo\":{\"@type\":\"ImageObject\",\"inLanguage\":\"pt-BR\",\"@id\":\"https:\/\/povedacampinas.org.br\/#\/schema\/logo\/image\/\",\"url\":\"https:\/\/povedacampinas.org.br\/wp-content\/uploads\/2024\/01\/logo-poveda-70aNOS.png\",\"contentUrl\":\"https:\/\/povedacampinas.org.br\/wp-content\/uploads\/2024\/01\/logo-poveda-70aNOS.png\",\"width\":500,\"height\":500,\"caption\":\"Pens\u00e3o Pensionato Feminino\"},\"image\":{\"@id\":\"https:\/\/povedacampinas.org.br\/#\/schema\/logo\/image\/\"}}]}<\/script>\n<!-- \/ Yoast SEO plugin. -->","yoast_head_json":{"title":"Medita\u00e7\u00e3o Zazen Crist\u00e3 - CENTRO CULTURAL POVEDA","description":"Meditac\u00e3o Zazen Crist\u00e3","robots":{"index":"index","follow":"follow","max-snippet":"max-snippet:-1","max-image-preview":"max-image-preview:large","max-video-preview":"max-video-preview:-1"},"canonical":"https:\/\/povedacampinas.org.br\/?page_id=910","og_locale":"pt_BR","og_type":"article","og_title":"Medita\u00e7\u00e3o Zazen Crist\u00e3 - CENTRO CULTURAL POVEDA","og_description":"Meditac\u00e3o Zazen Crist\u00e3","og_url":"https:\/\/povedacampinas.org.br\/?page_id=910","og_site_name":"CENTRO CULTURAL POVEDA","article_modified_time":"2025-03-29T17:24:24+00:00","og_image":[{"url":"https:\/\/povedacampinas.org.br\/wp-content\/uploads\/2025\/03\/Imagem1.png"}],"twitter_card":"summary_large_image","twitter_misc":{"Est. tempo de leitura":"1 minuto"},"schema":{"@context":"https:\/\/schema.org","@graph":[{"@type":"WebPage","@id":"https:\/\/povedacampinas.org.br\/?page_id=910","url":"https:\/\/povedacampinas.org.br\/?page_id=910","name":"Medita\u00e7\u00e3o Zazen Crist\u00e3 - CENTRO CULTURAL POVEDA","isPartOf":{"@id":"https:\/\/povedacampinas.org.br\/#website"},"primaryImageOfPage":{"@id":"https:\/\/povedacampinas.org.br\/?page_id=910#primaryimage"},"image":{"@id":"https:\/\/povedacampinas.org.br\/?page_id=910#primaryimage"},"thumbnailUrl":"https:\/\/povedacampinas.org.br\/wp-content\/uploads\/2025\/03\/Imagem1.png","datePublished":"2025-03-09T04:45:47+00:00","dateModified":"2025-03-29T17:24:24+00:00","description":"Meditac\u00e3o Zazen Crist\u00e3","breadcrumb":{"@id":"https:\/\/povedacampinas.org.br\/?page_id=910#breadcrumb"},"inLanguage":"pt-BR","potentialAction":[{"@type":"ReadAction","target":["https:\/\/povedacampinas.org.br\/?page_id=910"]}]},{"@type":"ImageObject","inLanguage":"pt-BR","@id":"https:\/\/povedacampinas.org.br\/?page_id=910#primaryimage","url":"https:\/\/povedacampinas.org.br\/wp-content\/uploads\/2025\/03\/Imagem1.png","contentUrl":"https:\/\/povedacampinas.org.br\/wp-content\/uploads\/2025\/03\/Imagem1.png","width":346,"height":398},{"@type":"BreadcrumbList","@id":"https:\/\/povedacampinas.org.br\/?page_id=910#breadcrumb","itemListElement":[{"@type":"ListItem","position":1,"name":"In\u00edcio","item":"https:\/\/povedacampinas.org.br\/"},{"@type":"ListItem","position":2,"name":"Medita\u00e7\u00e3o Zazen Crist\u00e3"}]},{"@type":"WebSite","@id":"https:\/\/povedacampinas.org.br\/#website","url":"https:\/\/povedacampinas.org.br\/","name":"CENTRO CULTURAL POVEDA","description":"F\u00e9 - Culturas - Justi\u00e7a","publisher":{"@id":"https:\/\/povedacampinas.org.br\/#organization"},"potentialAction":[{"@type":"SearchAction","target":{"@type":"EntryPoint","urlTemplate":"https:\/\/povedacampinas.org.br\/?s={search_term_string}"},"query-input":"required name=search_term_string"}],"inLanguage":"pt-BR"},{"@type":"Organization","@id":"https:\/\/povedacampinas.org.br\/#organization","name":"Pens\u00e3o Pensionato Feminino","url":"https:\/\/povedacampinas.org.br\/","logo":{"@type":"ImageObject","inLanguage":"pt-BR","@id":"https:\/\/povedacampinas.org.br\/#\/schema\/logo\/image\/","url":"https:\/\/povedacampinas.org.br\/wp-content\/uploads\/2024\/01\/logo-poveda-70aNOS.png","contentUrl":"https:\/\/povedacampinas.org.br\/wp-content\/uploads\/2024\/01\/logo-poveda-70aNOS.png","width":500,"height":500,"caption":"Pens\u00e3o Pensionato Feminino"},"image":{"@id":"https:\/\/povedacampinas.org.br\/#\/schema\/logo\/image\/"}}]}},"jetpack_sharing_enabled":true,"_links":{"self":[{"href":"https:\/\/povedacampinas.org.br\/index.php?rest_route=\/wp\/v2\/pages\/910"}],"collection":[{"href":"https:\/\/povedacampinas.org.br\/index.php?rest_route=\/wp\/v2\/pages"}],"about":[{"href":"https:\/\/povedacampinas.org.br\/index.php?rest_route=\/wp\/v2\/types\/page"}],"author":[{"embeddable":true,"href":"https:\/\/povedacampinas.org.br\/index.php?rest_route=\/wp\/v2\/users\/1"}],"replies":[{"embeddable":true,"href":"https:\/\/povedacampinas.org.br\/index.php?rest_route=%2Fwp%2Fv2%2Fcomments&post=910"}],"version-history":[{"count":5,"href":"https:\/\/povedacampinas.org.br\/index.php?rest_route=\/wp\/v2\/pages\/910\/revisions"}],"predecessor-version":[{"id":924,"href":"https:\/\/povedacampinas.org.br\/index.php?rest_route=\/wp\/v2\/pages\/910\/revisions\/924"}],"wp:attachment":[{"href":"https:\/\/povedacampinas.org.br\/index.php?rest_route=%2Fwp%2Fv2%2Fmedia&parent=910"}],"curies":[{"name":"wp","href":"https:\/\/api.w.org\/{rel}","templated":true}]}}