{"id":2,"date":"2020-03-17T00:00:00","date_gmt":"2020-03-17T00:00:00","guid":{"rendered":"http:\/\/povedacampinas.org.br\/?page_id=2"},"modified":"2024-11-27T16:49:16","modified_gmt":"2024-11-27T16:49:16","slug":"sample-page","status":"publish","type":"page","link":"https:\/\/povedacampinas.org.br\/?page_id=2","title":{"rendered":"Loca\u00e7\u00e3o de Espa\u00e7o"},"content":{"rendered":"<p>Consulte disponibilidade, atrav\u00e9s do Whastapp &#8211; 19 -99688-1471<\/p>\n\n\t\t<style type=\"text\/css\">\n\t\t\t#gallery-1 {\n\t\t\t\tmargin: auto;\n\t\t\t}\n\t\t\t#gallery-1 .gallery-item {\n\t\t\t\tfloat: left;\n\t\t\t\tmargin-top: 10px;\n\t\t\t\ttext-align: center;\n\t\t\t\twidth: 100%;\n\t\t\t}\n\t\t\t#gallery-1 img {\n\t\t\t\tborder: 2px solid #cfcfcf;\n\t\t\t}\n\t\t\t#gallery-1 .gallery-caption {\n\t\t\t\tmargin-left: 0;\n\t\t\t}\n\t\t\t\/* see gallery_shortcode() in wp-includes\/media.php *\/\n\t\t<\/style>\n\t\t<div id='gallery-1' class='gallery galleryid-2 gallery-columns-1 gallery-size-large'><dl class='gallery-item'>\n\t\t\t<dt class='gallery-icon landscape'>\n\t\t\t\t<a href='https:\/\/povedacampinas.org.br\/?attachment_id=783'><img fetchpriority=\"high\" decoding=\"async\" width=\"920\" height=\"690\" src=\"https:\/\/povedacampinas.org.br\/wp-content\/uploads\/2024\/11\/WhatsApp-Image-2019-12-06-at-15.00.01-1024x768.jpeg\" class=\"attachment-large size-large\" alt=\"\" srcset=\"https:\/\/povedacampinas.org.br\/wp-content\/uploads\/2024\/11\/WhatsApp-Image-2019-12-06-at-15.00.01-1024x768.jpeg 1024w, https:\/\/povedacampinas.org.br\/wp-content\/uploads\/2024\/11\/WhatsApp-Image-2019-12-06-at-15.00.01-300x225.jpeg 300w, https:\/\/povedacampinas.org.br\/wp-content\/uploads\/2024\/11\/WhatsApp-Image-2019-12-06-at-15.00.01-768x576.jpeg 768w, https:\/\/povedacampinas.org.br\/wp-content\/uploads\/2024\/11\/WhatsApp-Image-2019-12-06-at-15.00.01-467x350.jpeg 467w, https:\/\/povedacampinas.org.br\/wp-content\/uploads\/2024\/11\/WhatsApp-Image-2019-12-06-at-15.00.01-150x113.jpeg 150w, https:\/\/povedacampinas.org.br\/wp-content\/uploads\/2024\/11\/WhatsApp-Image-2019-12-06-at-15.00.01.jpeg 1040w\" sizes=\"(max-width: 920px) 100vw, 920px\" \/><\/a>\n\t\t\t<\/dt><\/dl><br style=\"clear: both\" \/><dl class='gallery-item'>\n\t\t\t<dt class='gallery-icon landscape'>\n\t\t\t\t<a href='https:\/\/povedacampinas.org.br\/?attachment_id=781'><img decoding=\"async\" width=\"920\" height=\"690\" src=\"https:\/\/povedacampinas.org.br\/wp-content\/uploads\/2024\/11\/WhatsApp-Image-2018-04-24-at-12.07.51-1-1024x768-1.jpeg\" class=\"attachment-large size-large\" alt=\"\" srcset=\"https:\/\/povedacampinas.org.br\/wp-content\/uploads\/2024\/11\/WhatsApp-Image-2018-04-24-at-12.07.51-1-1024x768-1.jpeg 1024w, https:\/\/povedacampinas.org.br\/wp-content\/uploads\/2024\/11\/WhatsApp-Image-2018-04-24-at-12.07.51-1-1024x768-1-300x225.jpeg 300w, https:\/\/povedacampinas.org.br\/wp-content\/uploads\/2024\/11\/WhatsApp-Image-2018-04-24-at-12.07.51-1-1024x768-1-768x576.jpeg 768w, https:\/\/povedacampinas.org.br\/wp-content\/uploads\/2024\/11\/WhatsApp-Image-2018-04-24-at-12.07.51-1-1024x768-1-467x350.jpeg 467w, https:\/\/povedacampinas.org.br\/wp-content\/uploads\/2024\/11\/WhatsApp-Image-2018-04-24-at-12.07.51-1-1024x768-1-150x113.jpeg 150w\" sizes=\"(max-width: 920px) 100vw, 920px\" \/><\/a>\n\t\t\t<\/dt><\/dl><br style=\"clear: both\" \/><dl class='gallery-item'>\n\t\t\t<dt class='gallery-icon landscape'>\n\t\t\t\t<a href='https:\/\/povedacampinas.org.br\/?attachment_id=784'><img decoding=\"async\" width=\"920\" height=\"690\" src=\"https:\/\/povedacampinas.org.br\/wp-content\/uploads\/2024\/11\/WhatsApp-Image-2019-12-06-at-15.00.00-1024x768.jpeg\" class=\"attachment-large size-large\" alt=\"\" srcset=\"https:\/\/povedacampinas.org.br\/wp-content\/uploads\/2024\/11\/WhatsApp-Image-2019-12-06-at-15.00.00-1024x768.jpeg 1024w, https:\/\/povedacampinas.org.br\/wp-content\/uploads\/2024\/11\/WhatsApp-Image-2019-12-06-at-15.00.00-300x225.jpeg 300w, https:\/\/povedacampinas.org.br\/wp-content\/uploads\/2024\/11\/WhatsApp-Image-2019-12-06-at-15.00.00-768x576.jpeg 768w, https:\/\/povedacampinas.org.br\/wp-content\/uploads\/2024\/11\/WhatsApp-Image-2019-12-06-at-15.00.00-467x350.jpeg 467w, https:\/\/povedacampinas.org.br\/wp-content\/uploads\/2024\/11\/WhatsApp-Image-2019-12-06-at-15.00.00-150x113.jpeg 150w, https:\/\/povedacampinas.org.br\/wp-content\/uploads\/2024\/11\/WhatsApp-Image-2019-12-06-at-15.00.00.jpeg 1040w\" sizes=\"(max-width: 920px) 100vw, 920px\" \/><\/a>\n\t\t\t<\/dt><\/dl><br style=\"clear: both\" \/><dl class='gallery-item'>\n\t\t\t<dt class='gallery-icon landscape'>\n\t\t\t\t<a href='https:\/\/povedacampinas.org.br\/?attachment_id=782'><img loading=\"lazy\" decoding=\"async\" width=\"920\" height=\"690\" src=\"https:\/\/povedacampinas.org.br\/wp-content\/uploads\/2024\/11\/WhatsApp-Image-2019-12-06-at-15.05.04-2-1024x768.jpeg\" class=\"attachment-large size-large\" alt=\"\" srcset=\"https:\/\/povedacampinas.org.br\/wp-content\/uploads\/2024\/11\/WhatsApp-Image-2019-12-06-at-15.05.04-2-1024x768.jpeg 1024w, https:\/\/povedacampinas.org.br\/wp-content\/uploads\/2024\/11\/WhatsApp-Image-2019-12-06-at-15.05.04-2-300x225.jpeg 300w, https:\/\/povedacampinas.org.br\/wp-content\/uploads\/2024\/11\/WhatsApp-Image-2019-12-06-at-15.05.04-2-768x576.jpeg 768w, https:\/\/povedacampinas.org.br\/wp-content\/uploads\/2024\/11\/WhatsApp-Image-2019-12-06-at-15.05.04-2-467x350.jpeg 467w, https:\/\/povedacampinas.org.br\/wp-content\/uploads\/2024\/11\/WhatsApp-Image-2019-12-06-at-15.05.04-2-150x113.jpeg 150w, https:\/\/povedacampinas.org.br\/wp-content\/uploads\/2024\/11\/WhatsApp-Image-2019-12-06-at-15.05.04-2.jpeg 1040w\" sizes=\"(max-width: 920px) 100vw, 920px\" \/><\/a>\n\t\t\t<\/dt><\/dl><br style=\"clear: both\" \/>\n\t\t<\/div>\n\n","protected":false},"excerpt":{"rendered":"<p>Consulte disponibilidade, atrav&eacute;s do Whastapp &ndash; 19 -99688-1471 <a class=\"continue-reading-link\" href=\"https:\/\/povedacampinas.org.br\/?page_id=2\"><\/a><\/p>\n","protected":false},"author":1,"featured_media":0,"parent":0,"menu_order":0,"comment_status":"closed","ping_status":"open","template":"","meta":{"footnotes":""},"yoast_head":"<!-- This site is optimized with the Yoast SEO plugin v22.9 - https:\/\/yoast.com\/wordpress\/plugins\/seo\/ -->\n<title>Loca\u00e7\u00e3o de Espa\u00e7o - CENTRO CULTURAL POVEDA<\/title>\n<meta name=\"robots\" content=\"index, follow, max-snippet:-1, max-image-preview:large, max-video-preview:-1\" \/>\n<link rel=\"canonical\" href=\"https:\/\/povedacampinas.org.br\/?page_id=2\" \/>\n<meta property=\"og:locale\" content=\"pt_BR\" \/>\n<meta property=\"og:type\" content=\"article\" \/>\n<meta property=\"og:title\" content=\"Loca\u00e7\u00e3o de Espa\u00e7o - CENTRO CULTURAL POVEDA\" \/>\n<meta property=\"og:description\" content=\"Consulte disponibilidade, atrav&eacute;s do Whastapp &ndash; 19 -99688-1471\" \/>\n<meta property=\"og:url\" content=\"https:\/\/povedacampinas.org.br\/?page_id=2\" \/>\n<meta property=\"og:site_name\" content=\"CENTRO CULTURAL POVEDA\" \/>\n<meta property=\"article:modified_time\" content=\"2024-11-27T16:49:16+00:00\" \/>\n<meta property=\"og:image\" content=\"https:\/\/povedacampinas.org.br\/wp-content\/uploads\/2024\/11\/WhatsApp-Image-2018-04-24-at-12.07.51-1-1024x768-1.jpeg\" \/>\n<meta name=\"twitter:card\" content=\"summary_large_image\" \/>\n<meta name=\"twitter:label1\" content=\"Est. tempo de leitura\" \/>\n\t<meta name=\"twitter:data1\" content=\"1 minuto\" \/>\n<script type=\"application\/ld+json\" class=\"yoast-schema-graph\">{\"@context\":\"https:\/\/schema.org\",\"@graph\":[{\"@type\":\"WebPage\",\"@id\":\"https:\/\/povedacampinas.org.br\/?page_id=2\",\"url\":\"https:\/\/povedacampinas.org.br\/?page_id=2\",\"name\":\"Loca\u00e7\u00e3o de Espa\u00e7o - CENTRO CULTURAL POVEDA\",\"isPartOf\":{\"@id\":\"https:\/\/povedacampinas.org.br\/#website\"},\"datePublished\":\"2020-03-17T00:00:00+00:00\",\"dateModified\":\"2024-11-27T16:49:16+00:00\",\"breadcrumb\":{\"@id\":\"https:\/\/povedacampinas.org.br\/?page_id=2#breadcrumb\"},\"inLanguage\":\"pt-BR\",\"potentialAction\":[{\"@type\":\"ReadAction\",\"target\":[\"https:\/\/povedacampinas.org.br\/?page_id=2\"]}]},{\"@type\":\"BreadcrumbList\",\"@id\":\"https:\/\/povedacampinas.org.br\/?page_id=2#breadcrumb\",\"itemListElement\":[{\"@type\":\"ListItem\",\"position\":1,\"name\":\"In\u00edcio\",\"item\":\"https:\/\/povedacampinas.org.br\/\"},{\"@type\":\"ListItem\",\"position\":2,\"name\":\"Loca\u00e7\u00e3o de Espa\u00e7o\"}]},{\"@type\":\"WebSite\",\"@id\":\"https:\/\/povedacampinas.org.br\/#website\",\"url\":\"https:\/\/povedacampinas.org.br\/\",\"name\":\"CENTRO CULTURAL POVEDA\",\"description\":\"F\u00e9 - Culturas - Justi\u00e7a\",\"publisher\":{\"@id\":\"https:\/\/povedacampinas.org.br\/#organization\"},\"potentialAction\":[{\"@type\":\"SearchAction\",\"target\":{\"@type\":\"EntryPoint\",\"urlTemplate\":\"https:\/\/povedacampinas.org.br\/?s={search_term_string}\"},\"query-input\":\"required name=search_term_string\"}],\"inLanguage\":\"pt-BR\"},{\"@type\":\"Organization\",\"@id\":\"https:\/\/povedacampinas.org.br\/#organization\",\"name\":\"Pens\u00e3o Pensionato Feminino\",\"url\":\"https:\/\/povedacampinas.org.br\/\",\"logo\":{\"@type\":\"ImageObject\",\"inLanguage\":\"pt-BR\",\"@id\":\"https:\/\/povedacampinas.org.br\/#\/schema\/logo\/image\/\",\"url\":\"https:\/\/povedacampinas.org.br\/wp-content\/uploads\/2024\/01\/logo-poveda-70aNOS.png\",\"contentUrl\":\"https:\/\/povedacampinas.org.br\/wp-content\/uploads\/2024\/01\/logo-poveda-70aNOS.png\",\"width\":500,\"height\":500,\"caption\":\"Pens\u00e3o Pensionato Feminino\"},\"image\":{\"@id\":\"https:\/\/povedacampinas.org.br\/#\/schema\/logo\/image\/\"}}]}<\/script>\n<!-- \/ Yoast SEO plugin. -->","yoast_head_json":{"title":"Loca\u00e7\u00e3o de Espa\u00e7o - CENTRO CULTURAL POVEDA","robots":{"index":"index","follow":"follow","max-snippet":"max-snippet:-1","max-image-preview":"max-image-preview:large","max-video-preview":"max-video-preview:-1"},"canonical":"https:\/\/povedacampinas.org.br\/?page_id=2","og_locale":"pt_BR","og_type":"article","og_title":"Loca\u00e7\u00e3o de Espa\u00e7o - CENTRO CULTURAL POVEDA","og_description":"Consulte disponibilidade, atrav&eacute;s do Whastapp &ndash; 19 -99688-1471","og_url":"https:\/\/povedacampinas.org.br\/?page_id=2","og_site_name":"CENTRO CULTURAL POVEDA","article_modified_time":"2024-11-27T16:49:16+00:00","og_image":[{"url":"https:\/\/povedacampinas.org.br\/wp-content\/uploads\/2024\/11\/WhatsApp-Image-2018-04-24-at-12.07.51-1-1024x768-1.jpeg"}],"twitter_card":"summary_large_image","twitter_misc":{"Est. tempo de leitura":"1 minuto"},"schema":{"@context":"https:\/\/schema.org","@graph":[{"@type":"WebPage","@id":"https:\/\/povedacampinas.org.br\/?page_id=2","url":"https:\/\/povedacampinas.org.br\/?page_id=2","name":"Loca\u00e7\u00e3o de Espa\u00e7o - CENTRO CULTURAL POVEDA","isPartOf":{"@id":"https:\/\/povedacampinas.org.br\/#website"},"datePublished":"2020-03-17T00:00:00+00:00","dateModified":"2024-11-27T16:49:16+00:00","breadcrumb":{"@id":"https:\/\/povedacampinas.org.br\/?page_id=2#breadcrumb"},"inLanguage":"pt-BR","potentialAction":[{"@type":"ReadAction","target":["https:\/\/povedacampinas.org.br\/?page_id=2"]}]},{"@type":"BreadcrumbList","@id":"https:\/\/povedacampinas.org.br\/?page_id=2#breadcrumb","itemListElement":[{"@type":"ListItem","position":1,"name":"In\u00edcio","item":"https:\/\/povedacampinas.org.br\/"},{"@type":"ListItem","position":2,"name":"Loca\u00e7\u00e3o de Espa\u00e7o"}]},{"@type":"WebSite","@id":"https:\/\/povedacampinas.org.br\/#website","url":"https:\/\/povedacampinas.org.br\/","name":"CENTRO CULTURAL POVEDA","description":"F\u00e9 - Culturas - Justi\u00e7a","publisher":{"@id":"https:\/\/povedacampinas.org.br\/#organization"},"potentialAction":[{"@type":"SearchAction","target":{"@type":"EntryPoint","urlTemplate":"https:\/\/povedacampinas.org.br\/?s={search_term_string}"},"query-input":"required name=search_term_string"}],"inLanguage":"pt-BR"},{"@type":"Organization","@id":"https:\/\/povedacampinas.org.br\/#organization","name":"Pens\u00e3o Pensionato Feminino","url":"https:\/\/povedacampinas.org.br\/","logo":{"@type":"ImageObject","inLanguage":"pt-BR","@id":"https:\/\/povedacampinas.org.br\/#\/schema\/logo\/image\/","url":"https:\/\/povedacampinas.org.br\/wp-content\/uploads\/2024\/01\/logo-poveda-70aNOS.png","contentUrl":"https:\/\/povedacampinas.org.br\/wp-content\/uploads\/2024\/01\/logo-poveda-70aNOS.png","width":500,"height":500,"caption":"Pens\u00e3o Pensionato Feminino"},"image":{"@id":"https:\/\/povedacampinas.org.br\/#\/schema\/logo\/image\/"}}]}},"jetpack_sharing_enabled":true,"_links":{"self":[{"href":"https:\/\/povedacampinas.org.br\/index.php?rest_route=\/wp\/v2\/pages\/2"}],"collection":[{"href":"https:\/\/povedacampinas.org.br\/index.php?rest_route=\/wp\/v2\/pages"}],"about":[{"href":"https:\/\/povedacampinas.org.br\/index.php?rest_route=\/wp\/v2\/types\/page"}],"author":[{"embeddable":true,"href":"https:\/\/povedacampinas.org.br\/index.php?rest_route=\/wp\/v2\/users\/1"}],"replies":[{"embeddable":true,"href":"https:\/\/povedacampinas.org.br\/index.php?rest_route=%2Fwp%2Fv2%2Fcomments&post=2"}],"version-history":[{"count":7,"href":"https:\/\/povedacampinas.org.br\/index.php?rest_route=\/wp\/v2\/pages\/2\/revisions"}],"predecessor-version":[{"id":787,"href":"https:\/\/povedacampinas.org.br\/index.php?rest_route=\/wp\/v2\/pages\/2\/revisions\/787"}],"wp:attachment":[{"href":"https:\/\/povedacampinas.org.br\/index.php?rest_route=%2Fwp%2Fv2%2Fmedia&parent=2"}],"curies":[{"name":"wp","href":"https:\/\/api.w.org\/{rel}","templated":true}]}}