{"id":114,"date":"2021-01-15T21:30:55","date_gmt":"2021-01-15T21:30:55","guid":{"rendered":"http:\/\/povedacampinas.org.br\/?page_id=114"},"modified":"2025-12-20T18:48:48","modified_gmt":"2025-12-20T18:48:48","slug":"residencia-feminina-pensao-feminina","status":"publish","type":"page","link":"https:\/\/povedacampinas.org.br\/?page_id=114","title":{"rendered":"Resid\u00eancia Feminina"},"content":{"rendered":"\n<h2 class=\"wp-block-heading has-text-align-center\">70 anos de hist\u00f3ria!<\/h2>\n\n\n\n<figure class=\"wp-block-embed is-type-video is-provider-youtube wp-block-embed-youtube wp-embed-aspect-16-9 wp-has-aspect-ratio\"><div class=\"wp-block-embed__wrapper\">\n<iframe title=\"Resid\u00eancia Feminina\" width=\"920\" height=\"518\" src=\"https:\/\/www.youtube.com\/embed\/_3xked3DIAQ?feature=oembed\" frameborder=\"0\" allow=\"accelerometer; autoplay; clipboard-write; encrypted-media; gyroscope; picture-in-picture; web-share\" referrerpolicy=\"strict-origin-when-cross-origin\" allowfullscreen><\/iframe>\n<\/div><\/figure>\n\n\n\n<figure class=\"wp-block-video\"><video controls src=\"https:\/\/povedacampinas.org.br\/wp-content\/uploads\/2024\/12\/lv_0_20241201145002.mp4\"><\/video><\/figure>\n\n\n\n<figure class=\"wp-block-video\"><video controls src=\"https:\/\/povedacampinas.org.br\/wp-content\/uploads\/2024\/12\/lv_0_20241129221531.mp4\"><\/video><\/figure>\n\n\n\n<figure class=\"wp-block-video\"><video controls src=\"https:\/\/povedacampinas.org.br\/wp-content\/uploads\/2024\/12\/lv_0_20241130134144.mp4\"><\/video><\/figure>\n\n\n\n<p class=\"has-text-align-center\"><\/p>\n\n\n\n<h2 class=\"wp-block-heading has-text-align-center\">Moradia Poveda \u2013 70 anos de muitas hist\u00f3rias!<\/h2>\n\n\n<h1 style=\"text-align: right;\"><img fetchpriority=\"high\" decoding=\"async\" class=\"alignleft size-full wp-image-397\" src=\"http:\/\/povedacampinas.org.br\/wp-content\/uploads\/2022\/12\/WhatsApp-Image-2022-12-21-at-20.02.53.jpeg\" alt=\"\" width=\"1599\" height=\"899\" srcset=\"https:\/\/povedacampinas.org.br\/wp-content\/uploads\/2022\/12\/WhatsApp-Image-2022-12-21-at-20.02.53.jpeg 1599w, https:\/\/povedacampinas.org.br\/wp-content\/uploads\/2022\/12\/WhatsApp-Image-2022-12-21-at-20.02.53-300x169.jpeg 300w, https:\/\/povedacampinas.org.br\/wp-content\/uploads\/2022\/12\/WhatsApp-Image-2022-12-21-at-20.02.53-768x432.jpeg 768w, https:\/\/povedacampinas.org.br\/wp-content\/uploads\/2022\/12\/WhatsApp-Image-2022-12-21-at-20.02.53-1024x576.jpeg 1024w\" sizes=\"(max-width: 1599px) 100vw, 1599px\" \/><a href=\"https:\/\/povedacampinas.org.br\/wp-content\/uploads\/2025\/12\/Espirito-de-convivencia2026.pdf\" target=\"_blank\" rel=\"noopener\">Confira a normativa<\/a><\/h1>\n<h1>\u00a0<\/h1>\n\n\n<\/h1>\n<div class=\"wp-block-media-text is-stacked-on-mobile\">\n<figure class=\"wp-block-media-text__media\"><\/figure>\n<div class=\"wp-block-media-text__content\">\u00a0<\/div>\n<\/div>\n<h1>\n\n\n<\/h1>\n<h1 style=\"text-align: center;\">O esp\u00edrito da Resid\u00eancia e perfil das estudantes<\/h1>\n<p><img decoding=\"async\" class=\"alignleft size-full wp-image-839\" src=\"https:\/\/povedacampinas.org.br\/wp-content\/uploads\/2024\/11\/Copia-de-Residencia-Pagina-arte-com-logo-externo.png\" alt=\"\" width=\"1080\" height=\"700\" srcset=\"https:\/\/povedacampinas.org.br\/wp-content\/uploads\/2024\/11\/Copia-de-Residencia-Pagina-arte-com-logo-externo.png 1080w, https:\/\/povedacampinas.org.br\/wp-content\/uploads\/2024\/11\/Copia-de-Residencia-Pagina-arte-com-logo-externo-300x194.png 300w, https:\/\/povedacampinas.org.br\/wp-content\/uploads\/2024\/11\/Copia-de-Residencia-Pagina-arte-com-logo-externo-1024x664.png 1024w, https:\/\/povedacampinas.org.br\/wp-content\/uploads\/2024\/11\/Copia-de-Residencia-Pagina-arte-com-logo-externo-768x498.png 768w, https:\/\/povedacampinas.org.br\/wp-content\/uploads\/2024\/11\/Copia-de-Residencia-Pagina-arte-com-logo-externo-540x350.png 540w, https:\/\/povedacampinas.org.br\/wp-content\/uploads\/2024\/11\/Copia-de-Residencia-Pagina-arte-com-logo-externo-150x97.png 150w\" sizes=\"(max-width: 1080px) 100vw, 1080px\" \/><\/p>\n\n\n<div class=\"wp-block-media-text is-stacked-on-mobile\"><figure class=\"wp-block-media-text__media\"><\/figure><div class=\"wp-block-media-text__content\">\n<p><\/p>\n<\/div><\/div>\n\n\n<div class='align'>  <div class=\"simplesocialbuttons simplesocial-simple-icons simplesocialbuttons_inline simplesocialbuttons-align-left simplesocialbuttons-inline-no-animation\">\n\t\t<button class=\"ssb_fbshare-icon\"  rel=\"nofollow\"  target=\"_blank\"  aria-label=\"Facebook Share\" data-href=\"https:\/\/www.facebook.com\/sharer\/sharer.php?u=https:\/\/povedacampinas.org.br\/?page_id=114\" onclick=\"javascript:window.open(this.dataset.href, '', 'menubar=no,toolbar=no,resizable=yes,scrollbars=yes,height=600,width=600');return false;\">\n\t\t\t\t\t\t<span class=\"icon\"><svg xmlns=\"http:\/\/www.w3.org\/2000\/svg\" viewBox=\"0 0 16 16\" class=\"_1pbq\" color=\"#ffffff\"><path fill=\"#ffffff\" fill-rule=\"evenodd\" class=\"icon\" d=\"M8 14H3.667C2.733 13.9 2 13.167 2 12.233V3.667A1.65 1.65 0 0 1 3.667 2h8.666A1.65 1.65 0 0 1 14 3.667v8.566c0 .934-.733 1.667-1.667 1.767H10v-3.967h1.3l.7-2.066h-2V6.933c0-.466.167-.9.867-.9H12v-1.8c.033 0-.933-.266-1.533-.266-1.267 0-2.434.7-2.467 2.133v1.867H6v2.066h2V14z\"><\/path><\/svg><\/span>\n\t\t\t\t\t\t<span class=\"simplesocialtxt\">Share <\/span> <\/button>\n<button class=\"ssb_tweet-icon\"  rel=\"nofollow\"  target=\"_blank\"  aria-label=\"Twitter Share\" data-href=\"https:\/\/twitter.com\/intent\/tweet?text=Resid%C3%AAncia+Feminina&url=https:\/\/povedacampinas.org.br\/?page_id=114\" onclick=\"javascript:window.open(this.dataset.href, '', 'menubar=no,toolbar=no,resizable=yes,scrollbars=yes,height=600,width=600');return false;\">\n\t\t\t\t\t\t<span class=\"icon\"><svg viewBox=\"0 0 16 14\" fill=\"none\" xmlns=\"http:\/\/www.w3.org\/2000\/svg\"><path d=\"M4.9 0H0L5.782 7.7098L0.315 14H2.17L6.6416 8.8557L10.5 14H15.4L9.3744 5.9654L14.56 0H12.705L8.5148 4.8202L4.9 0ZM11.2 12.6L2.8 1.4H4.2L12.6 12.6H11.2Z\" fill=\"#fff\"\/><\/svg><\/span><i class=\"simplesocialtxt\">Tweet <\/i><\/button>\n<button class=\"ssb_linkedin-icon\"  rel=\"nofollow\"  target=\"_blank\"  aria-label=\"LinkedIn Share\" data-href=\"https:\/\/www.linkedin.com\/sharing\/share-offsite\/?url=https:\/\/povedacampinas.org.br\/?page_id=114\" onclick=\"javascript:window.open(this.dataset.href, '', 'menubar=no,toolbar=no,resizable=yes,scrollbars=yes,height=600,width=600');return false;\" >\n\t\t\t\t\t\t<span class=\"icon\"> <svg version=\"1.1\" id=\"Layer_1\" xmlns=\"http:\/\/www.w3.org\/2000\/svg\" xmlns:xlink=\"http:\/\/www.w3.org\/1999\/xlink\" x=\"0px\" y=\"0px\" width=\"15px\" height=\"14.1px\" viewBox=\"-301.4 387.5 15 14.1\" enable-background=\"new -301.4 387.5 15 14.1\" xml:space=\"preserve\"> <g id=\"XMLID_398_\"> <path id=\"XMLID_399_\" fill=\"#FFFFFF\" d=\"M-296.2,401.6c0-3.2,0-6.3,0-9.5h0.1c1,0,2,0,2.9,0c0.1,0,0.1,0,0.1,0.1c0,0.4,0,0.8,0,1.2 c0.1-0.1,0.2-0.3,0.3-0.4c0.5-0.7,1.2-1,2.1-1.1c0.8-0.1,1.5,0,2.2,0.3c0.7,0.4,1.2,0.8,1.5,1.4c0.4,0.8,0.6,1.7,0.6,2.5 c0,1.8,0,3.6,0,5.4v0.1c-1.1,0-2.1,0-3.2,0c0-0.1,0-0.1,0-0.2c0-1.6,0-3.2,0-4.8c0-0.4,0-0.8-0.2-1.2c-0.2-0.7-0.8-1-1.6-1 c-0.8,0.1-1.3,0.5-1.6,1.2c-0.1,0.2-0.1,0.5-0.1,0.8c0,1.7,0,3.4,0,5.1c0,0.2,0,0.2-0.2,0.2c-1,0-1.9,0-2.9,0 C-296.1,401.6-296.2,401.6-296.2,401.6z\"\/> <path id=\"XMLID_400_\" fill=\"#FFFFFF\" d=\"M-298,401.6L-298,401.6c-1.1,0-2.1,0-3,0c-0.1,0-0.1,0-0.1-0.1c0-3.1,0-6.1,0-9.2 c0-0.1,0-0.1,0.1-0.1c1,0,2,0,2.9,0h0.1C-298,395.3-298,398.5-298,401.6z\"\/> <path id=\"XMLID_401_\" fill=\"#FFFFFF\" d=\"M-299.6,390.9c-0.7-0.1-1.2-0.3-1.6-0.8c-0.5-0.8-0.2-2.1,1-2.4c0.6-0.2,1.2-0.1,1.8,0.2 c0.5,0.4,0.7,0.9,0.6,1.5c-0.1,0.7-0.5,1.1-1.1,1.3C-299.1,390.8-299.4,390.8-299.6,390.9L-299.6,390.9z\"\/> <\/g> <\/svg> <\/span>\n\t\t\t\t\t\t<span class=\"simplesocialtxt\">Share<\/span> <\/button>\n<\/div>\n <\/div>\n\n\n<h2 class=\"wp-block-heading\"><\/h2>\n\n\n\n<figure class=\"wp-block-video\"><video controls src=\"https:\/\/povedacampinas.org.br\/wp-content\/uploads\/2023\/01\/WhatsApp-Video-2024-01-05-at-12.38.45.mp4\"><\/video><\/figure>\n\n\n\n<figure class=\"wp-block-video\"><video controls src=\"https:\/\/povedacampinas.org.br\/wp-content\/uploads\/2025\/01\/mae-da-sophiaa-1.mp4\"><\/video><\/figure>\n\n\n\n<p><\/p>\n","protected":false},"excerpt":{"rendered":"<p>70 anos de hist&oacute;ria! Moradia Poveda &ndash; 70 anos de muitas hist&oacute;rias! Confira a normativa &nbsp; &nbsp; O esp&iacute;rito da Resid&ecirc;ncia e perfil das estudantes <a class=\"continue-reading-link\" href=\"https:\/\/povedacampinas.org.br\/?page_id=114\"><\/a><\/p>\n","protected":false},"author":1,"featured_media":0,"parent":0,"menu_order":0,"comment_status":"closed","ping_status":"closed","template":"","meta":{"footnotes":""},"yoast_head":"<!-- This site is optimized with the Yoast SEO plugin v22.9 - https:\/\/yoast.com\/wordpress\/plugins\/seo\/ -->\n<title>Resid\u00eancia Feminina - CENTRO CULTURAL POVEDA<\/title>\n<meta name=\"description\" content=\"Pens\u00e3o feminina para estudantes pr\u00e9 universit\u00e1rios em Campinas, pensionato aconchegante e familiar para as moradoras\" \/>\n<meta name=\"robots\" content=\"index, follow, max-snippet:-1, max-image-preview:large, max-video-preview:-1\" \/>\n<link rel=\"canonical\" href=\"https:\/\/povedacampinas.org.br\/?page_id=114\" \/>\n<meta property=\"og:locale\" content=\"pt_BR\" \/>\n<meta property=\"og:type\" content=\"article\" \/>\n<meta property=\"og:title\" content=\"Resid\u00eancia Feminina - CENTRO CULTURAL POVEDA\" \/>\n<meta property=\"og:description\" content=\"Pens\u00e3o feminina para estudantes pr\u00e9 universit\u00e1rios em Campinas, pensionato aconchegante e familiar para as moradoras\" \/>\n<meta property=\"og:url\" content=\"https:\/\/povedacampinas.org.br\/?page_id=114\" \/>\n<meta property=\"og:site_name\" content=\"CENTRO CULTURAL POVEDA\" \/>\n<meta property=\"article:modified_time\" content=\"2025-12-20T18:48:48+00:00\" \/>\n<meta property=\"og:image\" content=\"http:\/\/povedacampinas.org.br\/wp-content\/uploads\/2022\/12\/WhatsApp-Image-2022-12-21-at-20.02.53.jpeg\" \/>\n<meta name=\"twitter:card\" content=\"summary_large_image\" \/>\n<meta name=\"twitter:label1\" content=\"Est. tempo de leitura\" \/>\n\t<meta name=\"twitter:data1\" content=\"1 minuto\" \/>\n<script type=\"application\/ld+json\" class=\"yoast-schema-graph\">{\"@context\":\"https:\/\/schema.org\",\"@graph\":[{\"@type\":[\"WebPage\",\"CollectionPage\"],\"@id\":\"https:\/\/povedacampinas.org.br\/?page_id=114\",\"url\":\"https:\/\/povedacampinas.org.br\/?page_id=114\",\"name\":\"Resid\u00eancia Feminina - CENTRO CULTURAL POVEDA\",\"isPartOf\":{\"@id\":\"https:\/\/povedacampinas.org.br\/#website\"},\"primaryImageOfPage\":{\"@id\":\"https:\/\/povedacampinas.org.br\/?page_id=114#primaryimage\"},\"image\":{\"@id\":\"https:\/\/povedacampinas.org.br\/?page_id=114#primaryimage\"},\"thumbnailUrl\":\"http:\/\/povedacampinas.org.br\/wp-content\/uploads\/2022\/12\/WhatsApp-Image-2022-12-21-at-20.02.53.jpeg\",\"datePublished\":\"2021-01-15T21:30:55+00:00\",\"dateModified\":\"2025-12-20T18:48:48+00:00\",\"description\":\"Pens\u00e3o feminina para estudantes pr\u00e9 universit\u00e1rios em Campinas, pensionato aconchegante e familiar para as moradoras\",\"breadcrumb\":{\"@id\":\"https:\/\/povedacampinas.org.br\/?page_id=114#breadcrumb\"},\"inLanguage\":\"pt-BR\"},{\"@type\":\"ImageObject\",\"inLanguage\":\"pt-BR\",\"@id\":\"https:\/\/povedacampinas.org.br\/?page_id=114#primaryimage\",\"url\":\"https:\/\/povedacampinas.org.br\/wp-content\/uploads\/2022\/12\/WhatsApp-Image-2022-12-21-at-20.02.53.jpeg\",\"contentUrl\":\"https:\/\/povedacampinas.org.br\/wp-content\/uploads\/2022\/12\/WhatsApp-Image-2022-12-21-at-20.02.53.jpeg\",\"width\":1599,\"height\":899},{\"@type\":\"BreadcrumbList\",\"@id\":\"https:\/\/povedacampinas.org.br\/?page_id=114#breadcrumb\",\"itemListElement\":[{\"@type\":\"ListItem\",\"position\":1,\"name\":\"In\u00edcio\",\"item\":\"https:\/\/povedacampinas.org.br\/\"},{\"@type\":\"ListItem\",\"position\":2,\"name\":\"Resid\u00eancia Feminina\"}]},{\"@type\":\"WebSite\",\"@id\":\"https:\/\/povedacampinas.org.br\/#website\",\"url\":\"https:\/\/povedacampinas.org.br\/\",\"name\":\"CENTRO CULTURAL POVEDA\",\"description\":\"F\u00e9 - Culturas - Justi\u00e7a\",\"publisher\":{\"@id\":\"https:\/\/povedacampinas.org.br\/#organization\"},\"potentialAction\":[{\"@type\":\"SearchAction\",\"target\":{\"@type\":\"EntryPoint\",\"urlTemplate\":\"https:\/\/povedacampinas.org.br\/?s={search_term_string}\"},\"query-input\":\"required name=search_term_string\"}],\"inLanguage\":\"pt-BR\"},{\"@type\":\"Organization\",\"@id\":\"https:\/\/povedacampinas.org.br\/#organization\",\"name\":\"Pens\u00e3o Pensionato Feminino\",\"url\":\"https:\/\/povedacampinas.org.br\/\",\"logo\":{\"@type\":\"ImageObject\",\"inLanguage\":\"pt-BR\",\"@id\":\"https:\/\/povedacampinas.org.br\/#\/schema\/logo\/image\/\",\"url\":\"https:\/\/povedacampinas.org.br\/wp-content\/uploads\/2024\/01\/logo-poveda-70aNOS.png\",\"contentUrl\":\"https:\/\/povedacampinas.org.br\/wp-content\/uploads\/2024\/01\/logo-poveda-70aNOS.png\",\"width\":500,\"height\":500,\"caption\":\"Pens\u00e3o Pensionato Feminino\"},\"image\":{\"@id\":\"https:\/\/povedacampinas.org.br\/#\/schema\/logo\/image\/\"}}]}<\/script>\n<!-- \/ Yoast SEO plugin. -->","yoast_head_json":{"title":"Resid\u00eancia Feminina - CENTRO CULTURAL POVEDA","description":"Pens\u00e3o feminina para estudantes pr\u00e9 universit\u00e1rios em Campinas, pensionato aconchegante e familiar para as moradoras","robots":{"index":"index","follow":"follow","max-snippet":"max-snippet:-1","max-image-preview":"max-image-preview:large","max-video-preview":"max-video-preview:-1"},"canonical":"https:\/\/povedacampinas.org.br\/?page_id=114","og_locale":"pt_BR","og_type":"article","og_title":"Resid\u00eancia Feminina - CENTRO CULTURAL POVEDA","og_description":"Pens\u00e3o feminina para estudantes pr\u00e9 universit\u00e1rios em Campinas, pensionato aconchegante e familiar para as moradoras","og_url":"https:\/\/povedacampinas.org.br\/?page_id=114","og_site_name":"CENTRO CULTURAL POVEDA","article_modified_time":"2025-12-20T18:48:48+00:00","og_image":[{"url":"http:\/\/povedacampinas.org.br\/wp-content\/uploads\/2022\/12\/WhatsApp-Image-2022-12-21-at-20.02.53.jpeg"}],"twitter_card":"summary_large_image","twitter_misc":{"Est. tempo de leitura":"1 minuto"},"schema":{"@context":"https:\/\/schema.org","@graph":[{"@type":["WebPage","CollectionPage"],"@id":"https:\/\/povedacampinas.org.br\/?page_id=114","url":"https:\/\/povedacampinas.org.br\/?page_id=114","name":"Resid\u00eancia Feminina - CENTRO CULTURAL POVEDA","isPartOf":{"@id":"https:\/\/povedacampinas.org.br\/#website"},"primaryImageOfPage":{"@id":"https:\/\/povedacampinas.org.br\/?page_id=114#primaryimage"},"image":{"@id":"https:\/\/povedacampinas.org.br\/?page_id=114#primaryimage"},"thumbnailUrl":"http:\/\/povedacampinas.org.br\/wp-content\/uploads\/2022\/12\/WhatsApp-Image-2022-12-21-at-20.02.53.jpeg","datePublished":"2021-01-15T21:30:55+00:00","dateModified":"2025-12-20T18:48:48+00:00","description":"Pens\u00e3o feminina para estudantes pr\u00e9 universit\u00e1rios em Campinas, pensionato aconchegante e familiar para as moradoras","breadcrumb":{"@id":"https:\/\/povedacampinas.org.br\/?page_id=114#breadcrumb"},"inLanguage":"pt-BR"},{"@type":"ImageObject","inLanguage":"pt-BR","@id":"https:\/\/povedacampinas.org.br\/?page_id=114#primaryimage","url":"https:\/\/povedacampinas.org.br\/wp-content\/uploads\/2022\/12\/WhatsApp-Image-2022-12-21-at-20.02.53.jpeg","contentUrl":"https:\/\/povedacampinas.org.br\/wp-content\/uploads\/2022\/12\/WhatsApp-Image-2022-12-21-at-20.02.53.jpeg","width":1599,"height":899},{"@type":"BreadcrumbList","@id":"https:\/\/povedacampinas.org.br\/?page_id=114#breadcrumb","itemListElement":[{"@type":"ListItem","position":1,"name":"In\u00edcio","item":"https:\/\/povedacampinas.org.br\/"},{"@type":"ListItem","position":2,"name":"Resid\u00eancia Feminina"}]},{"@type":"WebSite","@id":"https:\/\/povedacampinas.org.br\/#website","url":"https:\/\/povedacampinas.org.br\/","name":"CENTRO CULTURAL POVEDA","description":"F\u00e9 - Culturas - Justi\u00e7a","publisher":{"@id":"https:\/\/povedacampinas.org.br\/#organization"},"potentialAction":[{"@type":"SearchAction","target":{"@type":"EntryPoint","urlTemplate":"https:\/\/povedacampinas.org.br\/?s={search_term_string}"},"query-input":"required name=search_term_string"}],"inLanguage":"pt-BR"},{"@type":"Organization","@id":"https:\/\/povedacampinas.org.br\/#organization","name":"Pens\u00e3o Pensionato Feminino","url":"https:\/\/povedacampinas.org.br\/","logo":{"@type":"ImageObject","inLanguage":"pt-BR","@id":"https:\/\/povedacampinas.org.br\/#\/schema\/logo\/image\/","url":"https:\/\/povedacampinas.org.br\/wp-content\/uploads\/2024\/01\/logo-poveda-70aNOS.png","contentUrl":"https:\/\/povedacampinas.org.br\/wp-content\/uploads\/2024\/01\/logo-poveda-70aNOS.png","width":500,"height":500,"caption":"Pens\u00e3o Pensionato Feminino"},"image":{"@id":"https:\/\/povedacampinas.org.br\/#\/schema\/logo\/image\/"}}]}},"jetpack_sharing_enabled":true,"_links":{"self":[{"href":"https:\/\/povedacampinas.org.br\/index.php?rest_route=\/wp\/v2\/pages\/114"}],"collection":[{"href":"https:\/\/povedacampinas.org.br\/index.php?rest_route=\/wp\/v2\/pages"}],"about":[{"href":"https:\/\/povedacampinas.org.br\/index.php?rest_route=\/wp\/v2\/types\/page"}],"author":[{"embeddable":true,"href":"https:\/\/povedacampinas.org.br\/index.php?rest_route=\/wp\/v2\/users\/1"}],"replies":[{"embeddable":true,"href":"https:\/\/povedacampinas.org.br\/index.php?rest_route=%2Fwp%2Fv2%2Fcomments&post=114"}],"version-history":[{"count":42,"href":"https:\/\/povedacampinas.org.br\/index.php?rest_route=\/wp\/v2\/pages\/114\/revisions"}],"predecessor-version":[{"id":946,"href":"https:\/\/povedacampinas.org.br\/index.php?rest_route=\/wp\/v2\/pages\/114\/revisions\/946"}],"wp:attachment":[{"href":"https:\/\/povedacampinas.org.br\/index.php?rest_route=%2Fwp%2Fv2%2Fmedia&parent=114"}],"curies":[{"name":"wp","href":"https:\/\/api.w.org\/{rel}","templated":true}]}}