{"id":112,"date":"2021-01-15T21:30:08","date_gmt":"2021-01-15T21:30:08","guid":{"rendered":"http:\/\/povedacampinas.org.br\/?page_id=112"},"modified":"2026-03-04T17:15:45","modified_gmt":"2026-03-04T17:15:45","slug":"centro-cultural-poveda","status":"publish","type":"page","link":"https:\/\/povedacampinas.org.br\/?page_id=112","title":{"rendered":"Centro Cultural Poveda"},"content":{"rendered":"<blockquote>\n<p style=\"text-align: right;\"><strong>O Poveda Campinas<\/strong> \u00e9 um programa promovido pela <strong>Institui\u00e7\u00e3o Teresiana do Brasil<\/strong>. Os grupos atualmente existentes s\u00e3o intitulados de grupo de educadores, grupo de profissionais crist\u00e3os,<\/p>\n<p style=\"text-align: right;\"><img fetchpriority=\"high\" decoding=\"async\" class=\" wp-image-141 alignleft\" src=\"http:\/\/povedacampinas.org.br\/wp-content\/uploads\/2021\/01\/poveda-300x300.jpg\" alt=\"\" width=\"364\" height=\"364\" srcset=\"https:\/\/povedacampinas.org.br\/wp-content\/uploads\/2021\/01\/poveda-300x300.jpg 300w, https:\/\/povedacampinas.org.br\/wp-content\/uploads\/2021\/01\/poveda-150x150.jpg 150w, https:\/\/povedacampinas.org.br\/wp-content\/uploads\/2021\/01\/poveda-100x100.jpg 100w, https:\/\/povedacampinas.org.br\/wp-content\/uploads\/2021\/01\/poveda.jpg 640w\" sizes=\"(max-width: 364px) 100vw, 364px\" \/><\/p>\n<p style=\"text-align: right;\">grupo de pesquisa, grupo de ora\u00e7\u00e3o, grupo de espiritualidade, grupo de biblioteconomia, grupo de leitura corporal, grupo de dan\u00e7a circular, al\u00e9m de possuir o curso de espanhol, resid\u00eancia feminina universit\u00e1ria, biblioteca e a loca\u00e7\u00e3o de espa\u00e7o para atender aos grupos externos a institui\u00e7\u00e3o.<\/p>\n<p style=\"text-align: right;\">Inspiradas no ide\u00e1rio s\u00f3cio-educativo e espiritual do sacerdote espanhol Pedro Poveda (1874-1936), fundador da Institui\u00e7\u00e3o Teresiana.<\/p>\n<p style=\"text-align: right;\">\u00a0<\/p>\n<\/blockquote>\n\n\n<div class=\"wp-block-jetpack-tiled-gallery aligncenter is-style-rectangular\"><div class=\"\"><div class=\"tiled-gallery__gallery\"><div class=\"tiled-gallery__row\"><div class=\"tiled-gallery__col\" style=\"flex-basis:49.79142%\"><figure class=\"tiled-gallery__item\"><img decoding=\"async\" srcset=\"https:\/\/i1.wp.com\/povedacampinas.org.br\/wp-content\/uploads\/2024\/11\/WhatsApp-Image-2017-10-18-at-17.41.08-copy-768x1024.jpeg?strip=info&#038;w=600&#038;ssl=1 600w,https:\/\/i1.wp.com\/povedacampinas.org.br\/wp-content\/uploads\/2024\/11\/WhatsApp-Image-2017-10-18-at-17.41.08-copy-768x1024.jpeg?strip=info&#038;w=900&#038;ssl=1 900w,https:\/\/i1.wp.com\/povedacampinas.org.br\/wp-content\/uploads\/2024\/11\/WhatsApp-Image-2017-10-18-at-17.41.08-copy-768x1024.jpeg?strip=info&#038;w=960&#038;ssl=1 960w\" alt=\"\" data-height=\"1280\" data-id=\"791\" data-link=\"https:\/\/povedacampinas.org.br\/?attachment_id=791\" data-url=\"https:\/\/povedacampinas.org.br\/wp-content\/uploads\/2024\/11\/WhatsApp-Image-2017-10-18-at-17.41.08-copy-768x1024.jpeg\" data-width=\"960\" src=\"https:\/\/i1.wp.com\/povedacampinas.org.br\/wp-content\/uploads\/2024\/11\/WhatsApp-Image-2017-10-18-at-17.41.08-copy-768x1024.jpeg?ssl=1\" data-amp-layout=\"responsive\"\/><\/figure><\/div><div class=\"tiled-gallery__col\" style=\"flex-basis:50.20858%\"><figure class=\"tiled-gallery__item\"><img decoding=\"async\" srcset=\"https:\/\/i0.wp.com\/povedacampinas.org.br\/wp-content\/uploads\/2024\/12\/WhatsApp-Image-2024-12-13-at-13.59.58-1024x768.jpeg?strip=info&#038;w=600&#038;ssl=1 600w,https:\/\/i0.wp.com\/povedacampinas.org.br\/wp-content\/uploads\/2024\/12\/WhatsApp-Image-2024-12-13-at-13.59.58-1024x768.jpeg?strip=info&#038;w=900&#038;ssl=1 900w,https:\/\/i0.wp.com\/povedacampinas.org.br\/wp-content\/uploads\/2024\/12\/WhatsApp-Image-2024-12-13-at-13.59.58-1024x768.jpeg?strip=info&#038;w=1200&#038;ssl=1 1200w,https:\/\/i0.wp.com\/povedacampinas.org.br\/wp-content\/uploads\/2024\/12\/WhatsApp-Image-2024-12-13-at-13.59.58-1024x768.jpeg?strip=info&#038;w=1500&#038;ssl=1 1500w,https:\/\/i0.wp.com\/povedacampinas.org.br\/wp-content\/uploads\/2024\/12\/WhatsApp-Image-2024-12-13-at-13.59.58-1024x768.jpeg?strip=info&#038;w=1600&#038;ssl=1 1600w\" alt=\"\" data-height=\"1200\" data-id=\"872\" data-link=\"https:\/\/povedacampinas.org.br\/?attachment_id=872\" data-url=\"https:\/\/povedacampinas.org.br\/wp-content\/uploads\/2024\/12\/WhatsApp-Image-2024-12-13-at-13.59.58-1024x768.jpeg\" data-width=\"1600\" src=\"https:\/\/i0.wp.com\/povedacampinas.org.br\/wp-content\/uploads\/2024\/12\/WhatsApp-Image-2024-12-13-at-13.59.58-1024x768.jpeg?ssl=1\" data-amp-layout=\"responsive\"\/><\/figure><figure class=\"tiled-gallery__item\"><img decoding=\"async\" srcset=\"https:\/\/i0.wp.com\/povedacampinas.org.br\/wp-content\/uploads\/2024\/12\/WhatsApp-Image-2024-12-13-at-14.02.44-1024x576.jpeg?strip=info&#038;w=600&#038;ssl=1 600w,https:\/\/i0.wp.com\/povedacampinas.org.br\/wp-content\/uploads\/2024\/12\/WhatsApp-Image-2024-12-13-at-14.02.44-1024x576.jpeg?strip=info&#038;w=900&#038;ssl=1 900w,https:\/\/i0.wp.com\/povedacampinas.org.br\/wp-content\/uploads\/2024\/12\/WhatsApp-Image-2024-12-13-at-14.02.44-1024x576.jpeg?strip=info&#038;w=1200&#038;ssl=1 1200w,https:\/\/i0.wp.com\/povedacampinas.org.br\/wp-content\/uploads\/2024\/12\/WhatsApp-Image-2024-12-13-at-14.02.44-1024x576.jpeg?strip=info&#038;w=1500&#038;ssl=1 1500w,https:\/\/i0.wp.com\/povedacampinas.org.br\/wp-content\/uploads\/2024\/12\/WhatsApp-Image-2024-12-13-at-14.02.44-1024x576.jpeg?strip=info&#038;w=1600&#038;ssl=1 1600w\" alt=\"\" data-height=\"900\" data-id=\"869\" data-link=\"https:\/\/povedacampinas.org.br\/?attachment_id=869\" data-url=\"https:\/\/povedacampinas.org.br\/wp-content\/uploads\/2024\/12\/WhatsApp-Image-2024-12-13-at-14.02.44-1024x576.jpeg\" data-width=\"1600\" src=\"https:\/\/i0.wp.com\/povedacampinas.org.br\/wp-content\/uploads\/2024\/12\/WhatsApp-Image-2024-12-13-at-14.02.44-1024x576.jpeg?ssl=1\" data-amp-layout=\"responsive\"\/><\/figure><\/div><\/div><div class=\"tiled-gallery__row\"><div class=\"tiled-gallery__col\" style=\"flex-basis:50.10420%\"><figure class=\"tiled-gallery__item\"><img decoding=\"async\" srcset=\"https:\/\/i0.wp.com\/povedacampinas.org.br\/wp-content\/uploads\/2024\/12\/WhatsApp-Image-2024-12-13-at-14.00.15-768x1024.jpeg?strip=info&#038;w=600&#038;ssl=1 600w,https:\/\/i0.wp.com\/povedacampinas.org.br\/wp-content\/uploads\/2024\/12\/WhatsApp-Image-2024-12-13-at-14.00.15-768x1024.jpeg?strip=info&#038;w=900&#038;ssl=1 900w,https:\/\/i0.wp.com\/povedacampinas.org.br\/wp-content\/uploads\/2024\/12\/WhatsApp-Image-2024-12-13-at-14.00.15-768x1024.jpeg?strip=info&#038;w=1200&#038;ssl=1 1200w\" alt=\"\" data-height=\"1600\" data-id=\"871\" data-link=\"https:\/\/povedacampinas.org.br\/?attachment_id=871\" data-url=\"https:\/\/povedacampinas.org.br\/wp-content\/uploads\/2024\/12\/WhatsApp-Image-2024-12-13-at-14.00.15-768x1024.jpeg\" data-width=\"1200\" src=\"https:\/\/i0.wp.com\/povedacampinas.org.br\/wp-content\/uploads\/2024\/12\/WhatsApp-Image-2024-12-13-at-14.00.15-768x1024.jpeg?ssl=1\" data-amp-layout=\"responsive\"\/><\/figure><\/div><div class=\"tiled-gallery__col\" style=\"flex-basis:49.89580%\"><figure class=\"tiled-gallery__item\"><img decoding=\"async\" srcset=\"https:\/\/i2.wp.com\/povedacampinas.org.br\/wp-content\/uploads\/2024\/12\/WhatsApp-Image-2024-12-13-at-14.00.30-765x1024.jpeg?strip=info&#038;w=600&#038;ssl=1 600w,https:\/\/i2.wp.com\/povedacampinas.org.br\/wp-content\/uploads\/2024\/12\/WhatsApp-Image-2024-12-13-at-14.00.30-765x1024.jpeg?strip=info&#038;w=900&#038;ssl=1 900w,https:\/\/i2.wp.com\/povedacampinas.org.br\/wp-content\/uploads\/2024\/12\/WhatsApp-Image-2024-12-13-at-14.00.30-765x1024.jpeg?strip=info&#038;w=1195&#038;ssl=1 1195w\" alt=\"\" data-height=\"1600\" data-id=\"870\" data-link=\"https:\/\/povedacampinas.org.br\/?attachment_id=870\" data-url=\"https:\/\/povedacampinas.org.br\/wp-content\/uploads\/2024\/12\/WhatsApp-Image-2024-12-13-at-14.00.30-765x1024.jpeg\" data-width=\"1195\" src=\"https:\/\/i2.wp.com\/povedacampinas.org.br\/wp-content\/uploads\/2024\/12\/WhatsApp-Image-2024-12-13-at-14.00.30-765x1024.jpeg?ssl=1\" data-amp-layout=\"responsive\"\/><\/figure><\/div><\/div><\/div><\/div><\/div>\n","protected":false},"excerpt":{"rendered":"<p>O Poveda Campinas &eacute; um programa promovido pela Institui&ccedil;&atilde;o Teresiana do Brasil. Os grupos atualmente existentes s&atilde;o intitulados de grupo de educadores, grupo de profissionais crist&atilde;os, grupo de pesquisa, grupo de ora&ccedil;&atilde;o, grupo de espiritualidade, grupo de biblioteconomia, grupo de leitura corporal, grupo de dan&ccedil;a circular, al&eacute;m de possuir o&#8230; <a class=\"continue-reading-link\" href=\"https:\/\/povedacampinas.org.br\/?page_id=112\"><\/a><\/p>\n","protected":false},"author":1,"featured_media":432,"parent":0,"menu_order":0,"comment_status":"closed","ping_status":"closed","template":"","meta":{"footnotes":""},"yoast_head":"<!-- This site is optimized with the Yoast SEO plugin v22.9 - https:\/\/yoast.com\/wordpress\/plugins\/seo\/ -->\n<title>Centro Cultural Poveda - CENTRO CULTURAL POVEDA<\/title>\n<meta name=\"description\" content=\"Pens\u00e3o feminina para estudantes pr\u00e9 universit\u00e1rios em Campinas, pensionato aconchegante e familiar para as moradoras\" \/>\n<meta name=\"robots\" content=\"index, follow, max-snippet:-1, max-image-preview:large, max-video-preview:-1\" \/>\n<link rel=\"canonical\" href=\"https:\/\/povedacampinas.org.br\/?page_id=112\" \/>\n<meta property=\"og:locale\" content=\"pt_BR\" \/>\n<meta property=\"og:type\" content=\"article\" \/>\n<meta property=\"og:title\" content=\"centro cultural poveda\" \/>\n<meta property=\"og:description\" content=\"Pens\u00e3o feminina para estudantes pr\u00e9 universit\u00e1rios em Campinas, pensionato aconchegante e familiar para as moradoras\" \/>\n<meta property=\"og:url\" content=\"https:\/\/povedacampinas.org.br\/?page_id=112\" \/>\n<meta property=\"og:site_name\" content=\"CENTRO CULTURAL POVEDA\" \/>\n<meta property=\"article:modified_time\" content=\"2026-03-04T17:15:45+00:00\" \/>\n<meta property=\"og:image\" content=\"https:\/\/povedacampinas.org.br\/wp-content\/uploads\/2024\/11\/WhatsApp-Image-2024-11-29-at-14.26.20.jpeg\" \/>\n\t<meta property=\"og:image:width\" content=\"1073\" \/>\n\t<meta property=\"og:image:height\" content=\"1236\" \/>\n\t<meta property=\"og:image:type\" content=\"image\/jpeg\" \/>\n<meta name=\"twitter:card\" content=\"summary_large_image\" \/>\n<meta name=\"twitter:label1\" content=\"Est. tempo de leitura\" \/>\n\t<meta name=\"twitter:data1\" content=\"2 minutos\" \/>\n<script type=\"application\/ld+json\" class=\"yoast-schema-graph\">{\"@context\":\"https:\/\/schema.org\",\"@graph\":[{\"@type\":\"WebPage\",\"@id\":\"https:\/\/povedacampinas.org.br\/?page_id=112\",\"url\":\"https:\/\/povedacampinas.org.br\/?page_id=112\",\"name\":\"Centro Cultural Poveda - CENTRO CULTURAL POVEDA\",\"isPartOf\":{\"@id\":\"https:\/\/povedacampinas.org.br\/#website\"},\"primaryImageOfPage\":{\"@id\":\"https:\/\/povedacampinas.org.br\/?page_id=112#primaryimage\"},\"image\":{\"@id\":\"https:\/\/povedacampinas.org.br\/?page_id=112#primaryimage\"},\"thumbnailUrl\":\"https:\/\/povedacampinas.org.br\/wp-content\/uploads\/2023\/01\/poveda-1.jpg\",\"datePublished\":\"2021-01-15T21:30:08+00:00\",\"dateModified\":\"2026-03-04T17:15:45+00:00\",\"description\":\"Pens\u00e3o feminina para estudantes pr\u00e9 universit\u00e1rios em Campinas, pensionato aconchegante e familiar para as moradoras\",\"breadcrumb\":{\"@id\":\"https:\/\/povedacampinas.org.br\/?page_id=112#breadcrumb\"},\"inLanguage\":\"pt-BR\",\"potentialAction\":[{\"@type\":\"ReadAction\",\"target\":[\"https:\/\/povedacampinas.org.br\/?page_id=112\"]}]},{\"@type\":\"ImageObject\",\"inLanguage\":\"pt-BR\",\"@id\":\"https:\/\/povedacampinas.org.br\/?page_id=112#primaryimage\",\"url\":\"https:\/\/povedacampinas.org.br\/wp-content\/uploads\/2023\/01\/poveda-1.jpg\",\"contentUrl\":\"https:\/\/povedacampinas.org.br\/wp-content\/uploads\/2023\/01\/poveda-1.jpg\",\"width\":640,\"height\":640,\"caption\":\"icone moradia poveda\"},{\"@type\":\"BreadcrumbList\",\"@id\":\"https:\/\/povedacampinas.org.br\/?page_id=112#breadcrumb\",\"itemListElement\":[{\"@type\":\"ListItem\",\"position\":1,\"name\":\"In\u00edcio\",\"item\":\"https:\/\/povedacampinas.org.br\/\"},{\"@type\":\"ListItem\",\"position\":2,\"name\":\"Centro Cultural Poveda\"}]},{\"@type\":\"WebSite\",\"@id\":\"https:\/\/povedacampinas.org.br\/#website\",\"url\":\"https:\/\/povedacampinas.org.br\/\",\"name\":\"CENTRO CULTURAL POVEDA\",\"description\":\"F\u00e9 - Culturas - Justi\u00e7a\",\"publisher\":{\"@id\":\"https:\/\/povedacampinas.org.br\/#organization\"},\"potentialAction\":[{\"@type\":\"SearchAction\",\"target\":{\"@type\":\"EntryPoint\",\"urlTemplate\":\"https:\/\/povedacampinas.org.br\/?s={search_term_string}\"},\"query-input\":\"required name=search_term_string\"}],\"inLanguage\":\"pt-BR\"},{\"@type\":\"Organization\",\"@id\":\"https:\/\/povedacampinas.org.br\/#organization\",\"name\":\"Pens\u00e3o Pensionato Feminino\",\"url\":\"https:\/\/povedacampinas.org.br\/\",\"logo\":{\"@type\":\"ImageObject\",\"inLanguage\":\"pt-BR\",\"@id\":\"https:\/\/povedacampinas.org.br\/#\/schema\/logo\/image\/\",\"url\":\"https:\/\/povedacampinas.org.br\/wp-content\/uploads\/2024\/01\/logo-poveda-70aNOS.png\",\"contentUrl\":\"https:\/\/povedacampinas.org.br\/wp-content\/uploads\/2024\/01\/logo-poveda-70aNOS.png\",\"width\":500,\"height\":500,\"caption\":\"Pens\u00e3o Pensionato Feminino\"},\"image\":{\"@id\":\"https:\/\/povedacampinas.org.br\/#\/schema\/logo\/image\/\"}}]}<\/script>\n<!-- \/ Yoast SEO plugin. -->","yoast_head_json":{"title":"Centro Cultural Poveda - CENTRO CULTURAL POVEDA","description":"Pens\u00e3o feminina para estudantes pr\u00e9 universit\u00e1rios em Campinas, pensionato aconchegante e familiar para as moradoras","robots":{"index":"index","follow":"follow","max-snippet":"max-snippet:-1","max-image-preview":"max-image-preview:large","max-video-preview":"max-video-preview:-1"},"canonical":"https:\/\/povedacampinas.org.br\/?page_id=112","og_locale":"pt_BR","og_type":"article","og_title":"centro cultural poveda","og_description":"Pens\u00e3o feminina para estudantes pr\u00e9 universit\u00e1rios em Campinas, pensionato aconchegante e familiar para as moradoras","og_url":"https:\/\/povedacampinas.org.br\/?page_id=112","og_site_name":"CENTRO CULTURAL POVEDA","article_modified_time":"2026-03-04T17:15:45+00:00","og_image":[{"width":1073,"height":1236,"url":"https:\/\/povedacampinas.org.br\/wp-content\/uploads\/2024\/11\/WhatsApp-Image-2024-11-29-at-14.26.20.jpeg","type":"image\/jpeg"}],"twitter_card":"summary_large_image","twitter_misc":{"Est. tempo de leitura":"2 minutos"},"schema":{"@context":"https:\/\/schema.org","@graph":[{"@type":"WebPage","@id":"https:\/\/povedacampinas.org.br\/?page_id=112","url":"https:\/\/povedacampinas.org.br\/?page_id=112","name":"Centro Cultural Poveda - CENTRO CULTURAL POVEDA","isPartOf":{"@id":"https:\/\/povedacampinas.org.br\/#website"},"primaryImageOfPage":{"@id":"https:\/\/povedacampinas.org.br\/?page_id=112#primaryimage"},"image":{"@id":"https:\/\/povedacampinas.org.br\/?page_id=112#primaryimage"},"thumbnailUrl":"https:\/\/povedacampinas.org.br\/wp-content\/uploads\/2023\/01\/poveda-1.jpg","datePublished":"2021-01-15T21:30:08+00:00","dateModified":"2026-03-04T17:15:45+00:00","description":"Pens\u00e3o feminina para estudantes pr\u00e9 universit\u00e1rios em Campinas, pensionato aconchegante e familiar para as moradoras","breadcrumb":{"@id":"https:\/\/povedacampinas.org.br\/?page_id=112#breadcrumb"},"inLanguage":"pt-BR","potentialAction":[{"@type":"ReadAction","target":["https:\/\/povedacampinas.org.br\/?page_id=112"]}]},{"@type":"ImageObject","inLanguage":"pt-BR","@id":"https:\/\/povedacampinas.org.br\/?page_id=112#primaryimage","url":"https:\/\/povedacampinas.org.br\/wp-content\/uploads\/2023\/01\/poveda-1.jpg","contentUrl":"https:\/\/povedacampinas.org.br\/wp-content\/uploads\/2023\/01\/poveda-1.jpg","width":640,"height":640,"caption":"icone moradia poveda"},{"@type":"BreadcrumbList","@id":"https:\/\/povedacampinas.org.br\/?page_id=112#breadcrumb","itemListElement":[{"@type":"ListItem","position":1,"name":"In\u00edcio","item":"https:\/\/povedacampinas.org.br\/"},{"@type":"ListItem","position":2,"name":"Centro Cultural Poveda"}]},{"@type":"WebSite","@id":"https:\/\/povedacampinas.org.br\/#website","url":"https:\/\/povedacampinas.org.br\/","name":"CENTRO CULTURAL POVEDA","description":"F\u00e9 - Culturas - Justi\u00e7a","publisher":{"@id":"https:\/\/povedacampinas.org.br\/#organization"},"potentialAction":[{"@type":"SearchAction","target":{"@type":"EntryPoint","urlTemplate":"https:\/\/povedacampinas.org.br\/?s={search_term_string}"},"query-input":"required name=search_term_string"}],"inLanguage":"pt-BR"},{"@type":"Organization","@id":"https:\/\/povedacampinas.org.br\/#organization","name":"Pens\u00e3o Pensionato Feminino","url":"https:\/\/povedacampinas.org.br\/","logo":{"@type":"ImageObject","inLanguage":"pt-BR","@id":"https:\/\/povedacampinas.org.br\/#\/schema\/logo\/image\/","url":"https:\/\/povedacampinas.org.br\/wp-content\/uploads\/2024\/01\/logo-poveda-70aNOS.png","contentUrl":"https:\/\/povedacampinas.org.br\/wp-content\/uploads\/2024\/01\/logo-poveda-70aNOS.png","width":500,"height":500,"caption":"Pens\u00e3o Pensionato Feminino"},"image":{"@id":"https:\/\/povedacampinas.org.br\/#\/schema\/logo\/image\/"}}]}},"jetpack_sharing_enabled":true,"_links":{"self":[{"href":"https:\/\/povedacampinas.org.br\/index.php?rest_route=\/wp\/v2\/pages\/112"}],"collection":[{"href":"https:\/\/povedacampinas.org.br\/index.php?rest_route=\/wp\/v2\/pages"}],"about":[{"href":"https:\/\/povedacampinas.org.br\/index.php?rest_route=\/wp\/v2\/types\/page"}],"author":[{"embeddable":true,"href":"https:\/\/povedacampinas.org.br\/index.php?rest_route=\/wp\/v2\/users\/1"}],"replies":[{"embeddable":true,"href":"https:\/\/povedacampinas.org.br\/index.php?rest_route=%2Fwp%2Fv2%2Fcomments&post=112"}],"version-history":[{"count":18,"href":"https:\/\/povedacampinas.org.br\/index.php?rest_route=\/wp\/v2\/pages\/112\/revisions"}],"predecessor-version":[{"id":893,"href":"https:\/\/povedacampinas.org.br\/index.php?rest_route=\/wp\/v2\/pages\/112\/revisions\/893"}],"wp:featuredmedia":[{"embeddable":true,"href":"https:\/\/povedacampinas.org.br\/index.php?rest_route=\/wp\/v2\/media\/432"}],"wp:attachment":[{"href":"https:\/\/povedacampinas.org.br\/index.php?rest_route=%2Fwp%2Fv2%2Fmedia&parent=112"}],"curies":[{"name":"wp","href":"https:\/\/api.w.org\/{rel}","templated":true}]}}